{"id":286,"date":"2019-12-08T10:02:47","date_gmt":"2019-12-08T07:02:47","guid":{"rendered":"https:\/\/lidermakinasatis.com\/?page_id=286"},"modified":"2025-02-04T11:26:13","modified_gmt":"2025-02-04T08:26:13","slug":"iletisim","status":"publish","type":"page","link":"https:\/\/lidermakinasatis.com\/?page_id=286","title":{"rendered":"\u0130leti\u015fim"},"content":{"rendered":"\t\t<div data-elementor-type=\"wp-page\" data-elementor-id=\"286\" class=\"elementor elementor-286\">\n\t\t\t\t\t\t<section class=\"elementor-section elementor-top-section elementor-element elementor-element-a0f36d3 elementor-section-boxed elementor-section-height-default elementor-section-height-default\" data-id=\"a0f36d3\" data-element_type=\"section\">\n\t\t\t\t\t\t<div class=\"elementor-container elementor-column-gap-default\">\n\t\t\t\t\t<div class=\"elementor-column elementor-col-25 elementor-top-column elementor-element elementor-element-f5659b4\" data-id=\"f5659b4\" data-element_type=\"column\">\n\t\t\t<div class=\"elementor-widget-wrap elementor-element-populated\">\n\t\t\t\t\t\t<div class=\"elementor-element elementor-element-7a7f1b1 box_align elementor-align-center elementor-widget elementor-widget-tw-icon-box\" data-id=\"7a7f1b1\" data-element_type=\"widget\" data-widget_type=\"tw-icon-box.default\">\n\t\t\t\t<div class=\"elementor-widget-container\">\n\t\t\t\t\t<div class=\"icon_box_05\">\n            <i class=\"twi-map-marker-alt2\"><\/i>\n        <div class=\"ib5_inner\">\n            \n            <h3>Adres<\/h3>\n                            <p> Uluyol Abdal Caddesi No:163<br>\nOsmangazi\/BURSA<\/p>\n                            <a href=\"https:\/\/goo.gl\/maps\/obAuicarh7RjCRi27\">Haritada G\u00f6r\u00fcnt\u00fcle<\/a>\n            <\/div>\n<\/div>\t\t\t\t<\/div>\n\t\t\t\t<\/div>\n\t\t\t\t\t<\/div>\n\t\t<\/div>\n\t\t\t\t<div class=\"elementor-column elementor-col-25 elementor-top-column elementor-element elementor-element-8964428\" data-id=\"8964428\" data-element_type=\"column\">\n\t\t\t<div class=\"elementor-widget-wrap elementor-element-populated\">\n\t\t\t\t\t\t<div class=\"elementor-element elementor-element-193d7f5 box_align elementor-align-center elementor-widget elementor-widget-tw-icon-box\" data-id=\"193d7f5\" data-element_type=\"widget\" data-widget_type=\"tw-icon-box.default\">\n\t\t\t\t<div class=\"elementor-widget-container\">\n\t\t\t\t\t<div class=\"icon_box_05\">\n            <i class=\"twi-phone-office1\"><\/i>\n        <div class=\"ib5_inner\">\n            \n            <h3>Ofis Telefonu<\/h3>\n                            <p>+90 (224) 254 14 08<br>\n+90 (224) 253 66 48<\/p>\n                            <a href=\"tel:\/\/+90%20(224)%20254%2014%2008\">Bizi Arayabilirsiniz<\/a>\n            <\/div>\n<\/div>\t\t\t\t<\/div>\n\t\t\t\t<\/div>\n\t\t\t\t\t<\/div>\n\t\t<\/div>\n\t\t\t\t<div class=\"elementor-column elementor-col-25 elementor-top-column elementor-element elementor-element-6e8b6e2\" data-id=\"6e8b6e2\" data-element_type=\"column\">\n\t\t\t<div class=\"elementor-widget-wrap elementor-element-populated\">\n\t\t\t\t\t\t<div class=\"elementor-element elementor-element-ecb65e4 box_align elementor-align-center elementor-widget elementor-widget-tw-icon-box\" data-id=\"ecb65e4\" data-element_type=\"widget\" data-widget_type=\"tw-icon-box.default\">\n\t\t\t\t<div class=\"elementor-widget-container\">\n\t\t\t\t\t<div class=\"icon_box_05\">\n            <i class=\"twi-phone2\"><\/i>\n        <div class=\"ib5_inner\">\n            \n            <h3>Ahmet G\u00f6khan Varol<\/h3>\n                            <p>0532 776 19 28<br>\n0532 203 02 85<\/p>\n                            <a href=\"tel:\/\/0532%20776%2019%2028\">Bizi Arayabilirsiniz<\/a>\n            <\/div>\n<\/div>\t\t\t\t<\/div>\n\t\t\t\t<\/div>\n\t\t\t\t\t<\/div>\n\t\t<\/div>\n\t\t\t\t<div class=\"elementor-column elementor-col-25 elementor-top-column elementor-element elementor-element-56d8bb6\" data-id=\"56d8bb6\" data-element_type=\"column\">\n\t\t\t<div class=\"elementor-widget-wrap elementor-element-populated\">\n\t\t\t\t\t\t<div class=\"elementor-element elementor-element-98dc282 box_align elementor-align-center elementor-widget elementor-widget-tw-icon-box\" data-id=\"98dc282\" data-element_type=\"widget\" data-widget_type=\"tw-icon-box.default\">\n\t\t\t\t<div class=\"elementor-widget-container\">\n\t\t\t\t\t<div class=\"icon_box_05\">\n            <i class=\"twi-envelope2\"><\/i>\n        <div class=\"ib5_inner\">\n            \n            <h3>Mail Adresi<\/h3>\n                            <p>info@lidermakinasatis.com<br>\nlidermakine.16@hotmail.com<\/p>\n                            <a href=\"mailto:info@lidermakinasatis.com\">Mail Atabilirsiniz<\/a>\n            <\/div>\n<\/div>\t\t\t\t<\/div>\n\t\t\t\t<\/div>\n\t\t\t\t\t<\/div>\n\t\t<\/div>\n\t\t\t\t\t<\/div>\n\t\t<\/section>\n\t\t\t\t<section class=\"elementor-section elementor-top-section elementor-element elementor-element-bcfe929 elementor-section-boxed elementor-section-height-default elementor-section-height-default\" data-id=\"bcfe929\" data-element_type=\"section\" data-settings=\"{&quot;background_background&quot;:&quot;classic&quot;}\">\n\t\t\t\t\t\t<div class=\"elementor-container elementor-column-gap-default\">\n\t\t\t\t\t<div class=\"elementor-column elementor-col-100 elementor-top-column elementor-element elementor-element-2d8c70d\" data-id=\"2d8c70d\" data-element_type=\"column\">\n\t\t\t<div class=\"elementor-widget-wrap elementor-element-populated\">\n\t\t\t\t\t\t<div class=\"elementor-element elementor-element-f863534 section_titles elementor-align-center elementor-widget elementor-widget-tw-section-title\" data-id=\"f863534\" data-element_type=\"widget\" data-widget_type=\"tw-section-title.default\">\n\t\t\t\t<div class=\"elementor-widget-container\">\n\t\t\t\t\t                    <h6 class=\"sub_title\">Bize Yaz\u0131n<\/h6>\n                            <h2 class=\"sec_title \">\n                                    <span>\u0130leti\u015fim Formu<\/span>\n                            <\/h2>\n                \t\t\t\t<\/div>\n\t\t\t\t<\/div>\n\t\t\t\t<div class=\"elementor-element elementor-element-55cc614 form_align elementor-align-center elementor-widget elementor-widget-tw-contact-form\" data-id=\"55cc614\" data-element_type=\"widget\" data-widget_type=\"tw-contact-form.default\">\n\t\t\t\t<div class=\"elementor-widget-container\">\n\t\t\t\t\t<div class=\"cotactForm\">\n<div class=\"wpcf7 no-js\" id=\"wpcf7-f5-o1\" lang=\"en-US\" dir=\"ltr\" data-wpcf7-id=\"5\">\n<div class=\"screen-reader-response\"><p role=\"status\" aria-live=\"polite\" aria-atomic=\"true\"><\/p> <ul><\/ul><\/div>\n<form action=\"\/index.php?rest_route=%2Fwp%2Fv2%2Fpages%2F286#wpcf7-f5-o1\" method=\"post\" class=\"wpcf7-form init\" aria-label=\"Contact form\" novalidate=\"novalidate\" data-status=\"init\">\n<div style=\"display: none;\">\n<input type=\"hidden\" name=\"_wpcf7\" value=\"5\" \/>\n<input type=\"hidden\" name=\"_wpcf7_version\" value=\"6.0.3\" \/>\n<input type=\"hidden\" name=\"_wpcf7_locale\" value=\"en_US\" \/>\n<input type=\"hidden\" name=\"_wpcf7_unit_tag\" value=\"wpcf7-f5-o1\" \/>\n<input type=\"hidden\" name=\"_wpcf7_container_post\" value=\"0\" \/>\n<input type=\"hidden\" name=\"_wpcf7_posted_data_hash\" value=\"\" \/>\n<input type=\"hidden\" name=\"_wpcf7_recaptcha_response\" value=\"\" \/>\n<\/div>\n<div class=\"row\">\n\t<div class=\"col-xl-6 col-lg-6 col-md-6\">\n\t\t<div class=\"iconInput\">\n\t\t\t<p><span class=\"wpcf7-form-control-wrap\" data-name=\"text-819\"><input size=\"40\" maxlength=\"400\" class=\"wpcf7-form-control wpcf7-text wpcf7-validates-as-required\" aria-required=\"true\" aria-invalid=\"false\" placeholder=\"Ad\u0131n\u0131z\" value=\"\" type=\"text\" name=\"text-819\" \/><\/span><i class=\"twi-user2\"><\/i>\n\t\t\t<\/p>\n\t\t<\/div>\n\t<\/div>\n\t<div class=\"col-xl-6 col-lg-6 col-md-6\">\n\t\t<div class=\"iconInput\">\n\t\t\t<p><span class=\"wpcf7-form-control-wrap\" data-name=\"text-820\"><input size=\"40\" maxlength=\"400\" class=\"wpcf7-form-control wpcf7-text wpcf7-validates-as-required\" aria-required=\"true\" aria-invalid=\"false\" placeholder=\"Telefon\" value=\"\" type=\"text\" name=\"text-820\" \/><\/span><i class=\"twi-phone2\"><\/i>\n\t\t\t<\/p>\n\t\t<\/div>\n\t<\/div>\n\t<div class=\"col-xl-6 col-lg-6 col-md-6\">\n\t\t<div class=\"iconInput\">\n\t\t\t<p><span class=\"wpcf7-form-control-wrap\" data-name=\"email-708\"><input size=\"40\" maxlength=\"400\" class=\"wpcf7-form-control wpcf7-email wpcf7-validates-as-required wpcf7-text wpcf7-validates-as-email\" aria-required=\"true\" aria-invalid=\"false\" placeholder=\"Mail Adresiniz\" value=\"\" type=\"email\" name=\"email-708\" \/><\/span><i class=\"twi-envelope2\"><\/i>\n\t\t\t<\/p>\n\t\t<\/div>\n\t<\/div>\n\t<div class=\"col-xl-6 col-lg-6 col-md-6\">\n\t\t<div class=\"iconInput\">\n\t\t\t<p><span class=\"wpcf7-form-control-wrap\" data-name=\"text-822\"><input size=\"40\" maxlength=\"400\" class=\"wpcf7-form-control wpcf7-text wpcf7-validates-as-required\" aria-required=\"true\" aria-invalid=\"false\" placeholder=\"Konu\" value=\"\" type=\"text\" name=\"text-822\" \/><\/span><i class=\"twi-edit2\"><\/i>\n\t\t\t<\/p>\n\t\t<\/div>\n\t<\/div>\n\t<div class=\"col-xl-12\">\n\t\t<div class=\"iconInput\">\n\t\t\t<p><span class=\"wpcf7-form-control-wrap\" data-name=\"textarea-472\"><textarea cols=\"40\" rows=\"10\" maxlength=\"2000\" class=\"wpcf7-form-control wpcf7-textarea wpcf7-validates-as-required\" aria-required=\"true\" aria-invalid=\"false\" placeholder=\"Mesaj\u0131n\u0131z\" name=\"textarea-472\"><\/textarea><\/span><i class=\"twi-pencil-alt2\"><\/i>\n\t\t\t<\/p>\n\t\t<\/div>\n\t<\/div>\n\t<div class=\"col-xl-12 text-center\">\n\t\t<p><input class=\"wpcf7-form-control wpcf7-submit has-spinner\" type=\"submit\" value=\"Mesaj\u0131 G\u00f6nder\" \/>\n\t\t<\/p>\n\t<\/div>\n<\/div><div class=\"wpcf7-response-output\" aria-hidden=\"true\"><\/div>\n<\/form>\n<\/div>\n<\/div>\t\t\t\t<\/div>\n\t\t\t\t<\/div>\n\t\t\t\t\t<\/div>\n\t\t<\/div>\n\t\t\t\t\t<\/div>\n\t\t<\/section>\n\t\t\t\t<section class=\"elementor-section elementor-top-section elementor-element elementor-element-9726bde elementor-section-full_width elementor-section-height-default elementor-section-height-default\" data-id=\"9726bde\" data-element_type=\"section\">\n\t\t\t\t\t\t<div class=\"elementor-container elementor-column-gap-no\">\n\t\t\t\t\t<div class=\"elementor-column elementor-col-100 elementor-top-column elementor-element elementor-element-32ad566\" data-id=\"32ad566\" data-element_type=\"column\">\n\t\t\t<div class=\"elementor-widget-wrap elementor-element-populated\">\n\t\t\t\t\t\t<div class=\"elementor-element elementor-element-b265042 elementor-widget elementor-widget-tw-google-map\" data-id=\"b265042\" data-element_type=\"widget\" data-widget_type=\"tw-google-map.default\">\n\t\t\t\t<div class=\"elementor-widget-container\">\n\t\t\t\t\t<div class=\"gmap\"><iframe src=\"https:\/\/www.google.com\/maps\/embed?pb=!1m14!1m8!1m3!1d12190.92803878165!2d29.0711496!3d40.1927771!3m2!1i1024!2i768!4f13.1!3m3!1m2!1s0x0%3A0x4b4ceb1ad9381a3e!2sLider%20Makina%20Testere!5e0!3m2!1str!2str!4v1674482305819!5m2!1str!2str\"><\/iframe><\/div>\t\t\t\t<\/div>\n\t\t\t\t<\/div>\n\t\t\t\t\t<\/div>\n\t\t<\/div>\n\t\t\t\t\t<\/div>\n\t\t<\/section>\n\t\t\t\t<\/div>\n\t\t","protected":false},"excerpt":{"rendered":"<p>Adres Uluyol Abdal Caddesi No:163 Osmangazi\/BURSA Haritada G\u00f6r\u00fcnt\u00fcle Ofis Telefonu +90 (224) 254 14 08 +90 (224) 253 66 48 Bizi Arayabilirsiniz Ahmet G\u00f6khan Varol 0532 776 19 28 0532 203 02 85 Bizi Arayabilirsiniz Mail Adresi info@lidermakinasatis.com lidermakine.16@hotmail.com Mail Atabilirsiniz Bize Yaz\u0131n \u0130leti\u015fim Formu<\/p>\n","protected":false},"author":1,"featured_media":0,"parent":0,"menu_order":0,"comment_status":"closed","ping_status":"closed","template":"page-templates\/full-width.php","meta":{"footnotes":""},"class_list":["post-286","page","type-page","status-publish","hentry"],"_links":{"self":[{"href":"https:\/\/lidermakinasatis.com\/index.php?rest_route=\/wp\/v2\/pages\/286","targetHints":{"allow":["GET"]}}],"collection":[{"href":"https:\/\/lidermakinasatis.com\/index.php?rest_route=\/wp\/v2\/pages"}],"about":[{"href":"https:\/\/lidermakinasatis.com\/index.php?rest_route=\/wp\/v2\/types\/page"}],"author":[{"embeddable":true,"href":"https:\/\/lidermakinasatis.com\/index.php?rest_route=\/wp\/v2\/users\/1"}],"replies":[{"embeddable":true,"href":"https:\/\/lidermakinasatis.com\/index.php?rest_route=%2Fwp%2Fv2%2Fcomments&post=286"}],"version-history":[{"count":6,"href":"https:\/\/lidermakinasatis.com\/index.php?rest_route=\/wp\/v2\/pages\/286\/revisions"}],"predecessor-version":[{"id":3213,"href":"https:\/\/lidermakinasatis.com\/index.php?rest_route=\/wp\/v2\/pages\/286\/revisions\/3213"}],"wp:attachment":[{"href":"https:\/\/lidermakinasatis.com\/index.php?rest_route=%2Fwp%2Fv2%2Fmedia&parent=286"}],"curies":[{"name":"wp","href":"https:\/\/api.w.org\/{rel}","templated":true}]}}