{"id":258,"date":"2019-12-08T08:36:58","date_gmt":"2019-12-08T05:36:58","guid":{"rendered":"https:\/\/lidermakinasatis.com\/?page_id=258"},"modified":"2023-01-23T16:12:55","modified_gmt":"2023-01-23T13:12:55","slug":"hakkimizda","status":"publish","type":"page","link":"https:\/\/lidermakinasatis.com\/?page_id=258","title":{"rendered":"Hakk\u0131m\u0131zda"},"content":{"rendered":"\t\t<div data-elementor-type=\"wp-page\" data-elementor-id=\"258\" class=\"elementor elementor-258\">\n\t\t\t\t\t\t<section class=\"elementor-section elementor-top-section elementor-element elementor-element-f6116a2 elementor-section-boxed elementor-section-height-default elementor-section-height-default\" data-id=\"f6116a2\" data-element_type=\"section\">\n\t\t\t\t\t\t<div class=\"elementor-container elementor-column-gap-default\">\n\t\t\t\t\t<div class=\"elementor-column elementor-col-50 elementor-top-column elementor-element elementor-element-fb8d9dd\" data-id=\"fb8d9dd\" data-element_type=\"column\">\n\t\t\t<div class=\"elementor-widget-wrap elementor-element-populated\">\n\t\t\t\t\t\t<div class=\"elementor-element elementor-element-bf712ca elementor-widget elementor-widget-tw-about-section\" data-id=\"bf712ca\" data-element_type=\"widget\" data-widget_type=\"tw-about-section.default\">\n\t\t\t\t<div class=\"elementor-widget-container\">\n\t\t\t\t\t                <div class=\"aboutImg clearfix\">\r\n                                        <div class=\"i1 pull-right\">\r\n                        <img decoding=\"async\" src=\"https:\/\/lidermakinasatis.com\/wp-content\/uploads\/2023\/01\/494x492-hakkimizda.jpg\" alt=\"\">\r\n                    <\/div>\r\n                                                            <div class=\"i2 pull-left\">\r\n                        <img decoding=\"async\" src=\"https:\/\/lidermakinasatis.com\/wp-content\/uploads\/2023\/01\/309x289-hakkimizda.jpg\" class=\"si\" alt=\"\">\r\n                    <\/div>\r\n                                        <div class=\"yearsofexp\">\r\n                                                    <h2><span data-counter=\"43\" class=\"timer\">43<\/span>+<\/h2>\r\n                                                                            <span>Y\u0131ll\u0131k Tecr\u00fcbe<\/span>\r\n                                            <\/div>\r\n                <\/div>\r\n                \t\t\t\t<\/div>\n\t\t\t\t<\/div>\n\t\t\t\t\t<\/div>\n\t\t<\/div>\n\t\t\t\t<div class=\"elementor-column elementor-col-50 elementor-top-column elementor-element elementor-element-1d352f0\" data-id=\"1d352f0\" data-element_type=\"column\">\n\t\t\t<div class=\"elementor-widget-wrap elementor-element-populated\">\n\t\t\t\t\t\t<div class=\"elementor-element elementor-element-4702d69 section_titles elementor-align-left elementor-widget elementor-widget-tw-section-title\" data-id=\"4702d69\" data-element_type=\"widget\" data-widget_type=\"tw-section-title.default\">\n\t\t\t\t<div class=\"elementor-widget-container\">\n\t\t\t\t\t                    <h6 class=\"sub_title\">Hakk\u0131m\u0131zda<\/h6>\n                            <h2 class=\"sec_title \">\n                                    <span>Lider Makine Kimdir<\/span>\n                            <\/h2>\n                \t\t\t\t<\/div>\n\t\t\t\t<\/div>\n\t\t\t\t<div class=\"elementor-element elementor-element-4e7c87e text_align elementor-align-left elementor-widget elementor-widget-xs-heading\" data-id=\"4e7c87e\" data-element_type=\"widget\" data-widget_type=\"xs-heading.default\">\n\t\t\t\t<div class=\"elementor-widget-container\">\n\t\t\t\t\t                <p class=\"ind_ps \">Lider Makina San. Tic. Ltd. \u015eti 1980 y\u0131l\u0131nda kurulmu\u015ftur.\nZ\u0131mpara ta\u015f motorlar\u0131, marangoz tepsi z\u0131mparalar\u0131, polisaj motorlar\u0131, sanayi hava k\u00f6r\u00fckleri \u00fcretimine ba\u015flam\u0131\u015ft\u0131r.\n\u0130lerleyen y\u0131llarda \u015ferit testere, elmas daire testere, bilimum h\u0131rdavat \u00e7e\u015fitleri,\nbileme ta\u015flar\u0131, kesici el aletleri sat\u0131\u015flar\u0131na ba\u015flam\u0131\u015ft\u0131r.\n\u015eerit testereler konusunda T\u00fcrkiye \u00e7ap\u0131nda hatr\u0131 say\u0131l\u0131r sat\u0131\u015flar\u0131na ula\u015fm\u0131\u015ft\u0131r.<\/p>\r\n            \t\t\t\t<\/div>\n\t\t\t\t<\/div>\n\t\t\t\t<div class=\"elementor-element elementor-element-072e5c0 btn_align elementor-align-left elementor-widget elementor-widget-tw-button\" data-id=\"072e5c0\" data-element_type=\"widget\" data-widget_type=\"tw-button.default\">\n\t\t\t\t<div class=\"elementor-widget-container\">\n\t\t\t\t\t                    <a href=\"https:\/\/lidermakinasatis.com\/iletisim\/\"  target=\"_blank\"  rel=\"nofollow\" class=\"ind_btn\"><span>\u0130leti\u015fim<\/span><\/a>\n                \t\t\t\t<\/div>\n\t\t\t\t<\/div>\n\t\t\t\t\t<\/div>\n\t\t<\/div>\n\t\t\t\t\t<\/div>\n\t\t<\/section>\n\t\t\t\t<section class=\"elementor-section elementor-top-section elementor-element elementor-element-13bb70a elementor-section-full_width elementor-section-content-middle elementor-section-height-default elementor-section-height-default\" data-id=\"13bb70a\" data-element_type=\"section\" data-settings=\"{&quot;background_background&quot;:&quot;classic&quot;}\">\n\t\t\t\t\t\t<div class=\"elementor-container elementor-column-gap-no\">\n\t\t\t\t\t<div class=\"elementor-column elementor-col-50 elementor-top-column elementor-element elementor-element-d30986d skill_padd\" data-id=\"d30986d\" data-element_type=\"column\">\n\t\t\t<div class=\"elementor-widget-wrap elementor-element-populated\">\n\t\t\t\t\t\t<div class=\"elementor-element elementor-element-48b33bd section_titles elementor-align-center elementor-widget elementor-widget-tw-section-title\" data-id=\"48b33bd\" data-element_type=\"widget\" data-widget_type=\"tw-section-title.default\">\n\t\t\t\t<div class=\"elementor-widget-container\">\n\t\t\t\t\t                    <h6 class=\"sub_title\">Lider Makine<\/h6>\n                            <h2 class=\"sec_title \">\n                                    <span>Misyonumuz<\/span>\n                            <\/h2>\n                \t\t\t\t<\/div>\n\t\t\t\t<\/div>\n\t\t\t\t<div class=\"elementor-element elementor-element-aa3d54d elementor-widget elementor-widget-text-editor\" data-id=\"aa3d54d\" data-element_type=\"widget\" data-widget_type=\"text-editor.default\">\n\t\t\t\t<div class=\"elementor-widget-container\">\n\t\t\t\t\t\t\t\t\t<p>\u0130nsanl\u0131k ve ekonomi i\u00e7in de\u011fer yaratan, \u00e7evreye ve rakiplerine sayg\u0131l\u0131, giri\u015fimci ve lider ruha sahip, uluslararas\u0131 d\u00fczeyde en ba\u015far\u0131l\u0131 gruplar aras\u0131nda yer almak; bu ama\u00e7 ile hareket ederken \u00fclkemizin ve faaliyet g\u00f6sterdi\u011fimiz co\u011frafyalar\u0131n zenginle\u015fmesine katk\u0131da bulunmak.<\/p>\t\t\t\t\t\t\t\t<\/div>\n\t\t\t\t<\/div>\n\t\t\t\t\t<\/div>\n\t\t<\/div>\n\t\t\t\t<div class=\"elementor-column elementor-col-50 elementor-top-column elementor-element elementor-element-d12e8a7 skill_padd\" data-id=\"d12e8a7\" data-element_type=\"column\">\n\t\t\t<div class=\"elementor-widget-wrap elementor-element-populated\">\n\t\t\t\t\t\t<div class=\"elementor-element elementor-element-79c8a33 section_titles elementor-align-center elementor-widget elementor-widget-tw-section-title\" data-id=\"79c8a33\" data-element_type=\"widget\" data-widget_type=\"tw-section-title.default\">\n\t\t\t\t<div class=\"elementor-widget-container\">\n\t\t\t\t\t                    <h6 class=\"sub_title\">Lider Makine<\/h6>\n                            <h2 class=\"sec_title \">\n                                    <span>Vizyonumuz<\/span>\n                            <\/h2>\n                \t\t\t\t<\/div>\n\t\t\t\t<\/div>\n\t\t\t\t<div class=\"elementor-element elementor-element-42d2e11 elementor-widget elementor-widget-text-editor\" data-id=\"42d2e11\" data-element_type=\"widget\" data-widget_type=\"text-editor.default\">\n\t\t\t\t<div class=\"elementor-widget-container\">\n\t\t\t\t\t\t\t\t\t<p>Giri\u015fimcilik, yenilik\u00e7ilik ve g\u00fcvenilirlik ile \u015fekillendirdi\u011fimiz i\u015f anlay\u0131\u015f\u0131m\u0131zla, odakland\u0131\u011f\u0131m\u0131z her alanda dokundu\u011fumuz her hayata s\u00fcrd\u00fcr\u00fclebilir de\u011ferler katmak..<\/p>\t\t\t\t\t\t\t\t<\/div>\n\t\t\t\t<\/div>\n\t\t\t\t\t<\/div>\n\t\t<\/div>\n\t\t\t\t\t<\/div>\n\t\t<\/section>\n\t\t\t\t<section class=\"elementor-section elementor-top-section elementor-element elementor-element-af793c3 elementor-section-full_width elementor-section-content-middle elementor-section-height-default elementor-section-height-default\" data-id=\"af793c3\" data-element_type=\"section\" data-settings=\"{&quot;background_background&quot;:&quot;classic&quot;}\">\n\t\t\t\t\t\t<div class=\"elementor-container elementor-column-gap-no\">\n\t\t\t\t\t<div class=\"elementor-column elementor-col-100 elementor-top-column elementor-element elementor-element-d455e1c skill_padd\" data-id=\"d455e1c\" data-element_type=\"column\">\n\t\t\t<div class=\"elementor-widget-wrap elementor-element-populated\">\n\t\t\t\t\t\t<div class=\"elementor-element elementor-element-3d16f68 section_titles elementor-align-center elementor-widget elementor-widget-tw-section-title\" data-id=\"3d16f68\" data-element_type=\"widget\" data-widget_type=\"tw-section-title.default\">\n\t\t\t\t<div class=\"elementor-widget-container\">\n\t\t\t\t\t                    <h6 class=\"sub_title\">Lider Makine<\/h6>\n                            <h2 class=\"sec_title \">\n                                    <span>Lider Makine \u015eerit Testere Sat\u0131\u015f\u0131<\/span>\n                            <\/h2>\n                \t\t\t\t<\/div>\n\t\t\t\t<\/div>\n\t\t\t\t<div class=\"elementor-element elementor-element-052943d elementor-widget elementor-widget-text-editor\" data-id=\"052943d\" data-element_type=\"widget\" data-widget_type=\"text-editor.default\">\n\t\t\t\t<div class=\"elementor-widget-container\">\n\t\t\t\t\t\t\t\t\t<p>\u015eerit testere sat\u0131\u015f\u0131na 10 y\u0131l \u00f6nce ba\u015flayan Lider Makine sekt\u00f6rdeki en b\u00fcy\u00fck markalar\u0131 b\u00fcnyesinde bulundurarak Bursa\u2019ya ve t\u00fcm T\u00fcrkiye\u2019ye hizmet vermektedir<\/p><p>\u00dc\u00e7 y\u0131ld\u0131r Kendisi de \u015ferit testere \u00fcretimi yapabilen Lider Makine \u015ferit testere konusundaki sat\u0131\u015f sonras\u0131 teknik deste\u011fin dede piyasadaki Lider markalardand\u0131r<\/p><p>\u015eerit testere \u00fcretebilmek ve satabilmek \u015ferit testere konusunda ciddi bir uzmanl\u0131k ister<\/p><p>Sekt\u00f6r\u00fcndeki en k\u00f6kl\u00fc firmalardan olan lider Makine b\u00fcy\u00fck \u015ferit testere stoklar\u0131 ile bir\u00e7ok \u00dcr\u00fcn\u00fc ayn\u0131 g\u00fcn kargoya verebilmektedir sekt\u00f6rde ve \u015ferit testere sat\u0131\u015f\u0131nda m\u00fc\u015fteri memnuniyetinin ne denli \u00f6nemli oldu\u011funu \u00e7ok iyi bilmektedir<\/p><p>M\u00fc\u015fterilerin \u015ferit testere ihtiya\u00e7lar\u0131 hemen her zaman acildir ya \u00fcretim hatlar\u0131nda bir problem \u00e7\u0131km\u0131\u015ft\u0131r ya stoklar\u0131 bitmi\u015ftir Dolay\u0131s\u0131yla Lider Makine \u015ferit testere ihtiya\u00e7lar\u0131n\u0131n acil niyetlerini \u00e7ok iyi bilmektedir ve dolay\u0131s\u0131yla sipari\u015fler dedi\u011fimiz gibi ayn\u0131 g\u00fcn kargoya verilmeye \u00e7al\u0131\u015f\u0131l\u0131r<\/p><p>Bursa b\u00f6lgesine \u015ferit testere ve di\u011fer \u00fcr\u00fcnlerinin teslimat\u0131n\u0131 kendi yapabilen Lider Makine kurulum ve teknik destek ile ilgili de her zaman m\u00fc\u015fterilerinin yan\u0131ndad\u0131r<\/p><p>\u015eerit testere konusunda sekt\u00f6r\u00fcn en b\u00fcy\u00fckleri genelde Alman markalar\u0131d\u0131r. Ancak son d\u00f6nemde b\u00fcy\u00fck T\u00fcrk firmalar\u0131 kurulup \u015ferit testere \u00fcretiminde s\u00f6z sahibi olmaya ba\u015flam\u0131\u015flard\u0131r<\/p>\t\t\t\t\t\t\t\t<\/div>\n\t\t\t\t<\/div>\n\t\t\t\t\t<\/div>\n\t\t<\/div>\n\t\t\t\t\t<\/div>\n\t\t<\/section>\n\t\t\t\t<section class=\"elementor-section elementor-top-section elementor-element elementor-element-666dd18 elementor-section-boxed elementor-section-height-default elementor-section-height-default\" data-id=\"666dd18\" data-element_type=\"section\" data-settings=\"{&quot;background_background&quot;:&quot;classic&quot;}\">\n\t\t\t\t\t\t<div class=\"elementor-container elementor-column-gap-default\">\n\t\t\t\t\t<div class=\"elementor-column elementor-col-66 elementor-top-column elementor-element elementor-element-4bec801\" data-id=\"4bec801\" data-element_type=\"column\">\n\t\t\t<div class=\"elementor-widget-wrap elementor-element-populated\">\n\t\t\t\t\t\t<div class=\"elementor-element elementor-element-542745b callToaction elementor-align-left elementor-widget elementor-widget-tw-call-to-action\" data-id=\"542745b\" data-element_type=\"widget\" data-widget_type=\"tw-call-to-action.default\">\n\t\t\t\t<div class=\"elementor-widget-container\">\n\t\t\t\t\t                <div class=\"cta_left_02\">\n                                            <i class=\"twi-headphones-alt1\"><\/i>\n                                                                <h6>Lider Makine<\/h6>\n                                                                <h2>Bizimle \u0130leti\u015fime Ge\u00e7in<\/h2>\n                                    <\/div>\n                \t\t\t\t<\/div>\n\t\t\t\t<\/div>\n\t\t\t\t\t<\/div>\n\t\t<\/div>\n\t\t\t\t<div class=\"elementor-column elementor-col-33 elementor-top-column elementor-element elementor-element-ead61f2\" data-id=\"ead61f2\" data-element_type=\"column\">\n\t\t\t<div class=\"elementor-widget-wrap elementor-element-populated\">\n\t\t\t\t\t\t<div class=\"elementor-element elementor-element-17769b6 btn_align elementor-align-right btn_align elementor-mobile-align-center elementor-widget elementor-widget-tw-button\" data-id=\"17769b6\" data-element_type=\"widget\" data-widget_type=\"tw-button.default\">\n\t\t\t\t<div class=\"elementor-widget-container\">\n\t\t\t\t\t                    <a href=\"https:\/\/lidermakinasatis.com\/iletisim\/\"  target=\"_blank\"  rel=\"nofollow\" class=\"ind_btn\"><span>\u0130leti\u015fim<\/span><\/a>\n                \t\t\t\t<\/div>\n\t\t\t\t<\/div>\n\t\t\t\t\t<\/div>\n\t\t<\/div>\n\t\t\t\t\t<\/div>\n\t\t<\/section>\n\t\t\t\t<section class=\"elementor-section elementor-top-section elementor-element elementor-element-c80749b elementor-section-content-middle elementor-section-boxed elementor-section-height-default elementor-section-height-default\" data-id=\"c80749b\" data-element_type=\"section\">\n\t\t\t\t\t\t<div class=\"elementor-container elementor-column-gap-default\">\n\t\t\t\t\t<div class=\"elementor-column elementor-col-100 elementor-top-column elementor-element elementor-element-cbe42d7\" data-id=\"cbe42d7\" data-element_type=\"column\">\n\t\t\t<div class=\"elementor-widget-wrap elementor-element-populated\">\n\t\t\t\t\t\t<div class=\"elementor-element elementor-element-89ef5f1 elementor-widget elementor-widget-tw-history\" data-id=\"89ef5f1\" data-element_type=\"widget\" data-widget_type=\"tw-history.default\">\n\t\t\t\t<div class=\"elementor-widget-container\">\n\t\t\t\t\t                <div class=\"history_box\">\n                    <h5>1<\/h5>                    <div class=\"hisbar\"><\/div>\n                    <span>\u00dcr\u00fcn Belirlenmesi<\/span>                    <h3>\u00dcr\u00fcn\u00fc Belirleyin<\/h3>                                            <p>\n                            Telefonla ve \u0130leti\u015fim formunda, Talep edilen \u00fcr\u00fcn\u00fcn ad\u0131 yada kod numaras\u0131 girilerek miktar bildirilir.                        <\/p>\n                                                                <a href=\"https:\/\/lidermakinasatis.com\/iletisim\/\">\u0130leti\u015fim<\/a>\n                                    <\/div>\n                                <div class=\"history_box\">\n                    <h5>2<\/h5>                    <div class=\"hisbar\"><\/div>\n                    <span>Sipari\u015f ve Stok<\/span>                    <h3>Sipari\u015f ve Stok Kontrolu<\/h3>                                            <p>\n                            Talep edilen \u00fcr\u00fcn\u00fcn stok kontrol\u00fcnden sonra taraf\u0131n\u0131za bilgi verilir ve onay al\u0131n\u0131r.                        <\/p>\n                                                                <a href=\"https:\/\/lidermakinasatis.com\/iletisim\/\">\u0130leti\u015fim<\/a>\n                                    <\/div>\n                                <div class=\"history_box\">\n                    <h5>3<\/h5>                    <div class=\"hisbar\"><\/div>\n                    <span>Sipari\u015f Onay\u0131<\/span>                    <h3>Sipari\u015f Onay\u0131 ve Faturaland\u0131rma<\/h3>                                            <p>\n                            Sevk irsaliyesi ve Fatura d\u00fczenlenir ve e\u011fer m\u00fc\u015fteri kay\u0131tl\u0131 de\u011filse cari hesap olu\u015fturulur.                        <\/p>\n                                                                <a href=\"https:\/\/lidermakinasatis.com\/iletisim\/\">\u0130leti\u015fim<\/a>\n                                    <\/div>\n                                <div class=\"history_box\">\n                    <h5>4<\/h5>                    <div class=\"hisbar\"><\/div>\n                    <span>\u00dcr\u00fcn Teslimi<\/span>                    <h3>\u00dcr\u00fcn Teslimat\u0131 Yap\u0131l\u0131r<\/h3>                                            <p>\n                            \u00dcr\u00fcn\u00fcn stoklar\u0131m\u0131zda olmas\u0131 halinde ayn\u0131 g\u00fcn kargoya verilir. Aksi bir durumda yakla\u015f\u0131k bir termin belirlenir.                        <\/p>\n                                                                <a href=\"https:\/\/lidermakinasatis.com\/iletisim\/\">\u0130leti\u015fim<\/a>\n                                    <\/div>\n                \t\t\t\t<\/div>\n\t\t\t\t<\/div>\n\t\t\t\t\t<\/div>\n\t\t<\/div>\n\t\t\t\t\t<\/div>\n\t\t<\/section>\n\t\t\t\t<\/div>\n\t\t","protected":false},"excerpt":{"rendered":"<p>43+ Y\u0131ll\u0131k Tecr\u00fcbe Hakk\u0131m\u0131zda Lider Makine Kimdir Lider Makina San. Tic. Ltd. \u015eti 1980 y\u0131l\u0131nda kurulmu\u015ftur. Z\u0131mpara ta\u015f motorlar\u0131, marangoz tepsi z\u0131mparalar\u0131, polisaj motorlar\u0131, sanayi hava k\u00f6r\u00fckleri \u00fcretimine ba\u015flam\u0131\u015ft\u0131r. \u0130lerleyen y\u0131llarda \u015ferit testere, elmas daire testere, bilimum h\u0131rdavat \u00e7e\u015fitleri, bileme ta\u015flar\u0131, kesici el aletleri sat\u0131\u015flar\u0131na ba\u015flam\u0131\u015ft\u0131r. \u015eerit testereler konusunda T\u00fcrkiye \u00e7ap\u0131nda hatr\u0131 say\u0131l\u0131r sat\u0131\u015flar\u0131na ula\u015fm\u0131\u015ft\u0131r. [&hellip;]<\/p>\n","protected":false},"author":1,"featured_media":0,"parent":0,"menu_order":0,"comment_status":"closed","ping_status":"closed","template":"page-templates\/full-width.php","meta":{"footnotes":""},"class_list":["post-258","page","type-page","status-publish","hentry"],"_links":{"self":[{"href":"https:\/\/lidermakinasatis.com\/index.php?rest_route=\/wp\/v2\/pages\/258","targetHints":{"allow":["GET"]}}],"collection":[{"href":"https:\/\/lidermakinasatis.com\/index.php?rest_route=\/wp\/v2\/pages"}],"about":[{"href":"https:\/\/lidermakinasatis.com\/index.php?rest_route=\/wp\/v2\/types\/page"}],"author":[{"embeddable":true,"href":"https:\/\/lidermakinasatis.com\/index.php?rest_route=\/wp\/v2\/users\/1"}],"replies":[{"embeddable":true,"href":"https:\/\/lidermakinasatis.com\/index.php?rest_route=%2Fwp%2Fv2%2Fcomments&post=258"}],"version-history":[{"count":0,"href":"https:\/\/lidermakinasatis.com\/index.php?rest_route=\/wp\/v2\/pages\/258\/revisions"}],"wp:attachment":[{"href":"https:\/\/lidermakinasatis.com\/index.php?rest_route=%2Fwp%2Fv2%2Fmedia&parent=258"}],"curies":[{"name":"wp","href":"https:\/\/api.w.org\/{rel}","templated":true}]}}